{"id":85,"date":"2014-12-29T23:11:30","date_gmt":"2014-12-29T22:11:30","guid":{"rendered":"http:\/\/www.groobert.de\/wordpress\/?page_id=85"},"modified":"2026-02-12T20:33:54","modified_gmt":"2026-02-12T19:33:54","slug":"meine-buecher","status":"publish","type":"page","link":"https:\/\/www.groobert.de\/wordpress\/?page_id=85","title":{"rendered":"Meine B\u00fccher"},"content":{"rendered":"<div class=\"wp-block-image\">\n<figure class=\"alignleft size-large is-resized\"><img loading=\"lazy\" decoding=\"async\" width=\"619\" height=\"1024\" src=\"https:\/\/www.groobert.de\/wordpress\/wp-content\/uploads\/2025\/09\/CoverV3-619x1024.jpg\" alt=\"\" class=\"wp-image-646\" style=\"aspect-ratio:0.6044921875;object-fit:cover;width:314px\" srcset=\"https:\/\/www.groobert.de\/wordpress\/wp-content\/uploads\/2025\/09\/CoverV3-619x1024.jpg 619w, https:\/\/www.groobert.de\/wordpress\/wp-content\/uploads\/2025\/09\/CoverV3-181x300.jpg 181w, https:\/\/www.groobert.de\/wordpress\/wp-content\/uploads\/2025\/09\/CoverV3.jpg 650w\" sizes=\"auto, (max-width: 619px) 100vw, 619px\" \/><\/figure>\n<\/div>\n\n\n<p>Oktober &#8211; 2025<br><strong>Arno<\/strong><br>Autor: Robert M\u00fchlich<br>304 Seiten, s\/w, 13,5&#215;21,5cm<br>Hardcover<br>EUR 20,00 [D]<br>ISBN 978-3-00-084548-2<br><br><br><br><br><br><br><br><br><br><br><br><br><br><br><br>Arno arbeitet als Assistent und Haushaltshilfe f\u00fcr einen reichen Schn\u00f6sel namens Roman. Irgendwann entschlie\u00dft er sich, seinen Alltag in einem Tagebuch festzuhalten. So schreibt er \u00fcber das Ordnunghalten, Putzen, wie er sich um den Vorgarten k\u00fcmmert, kocht, G\u00e4ste empf\u00e4ngt, die Eink\u00e4ufe ins Haus bringt und sich die meiste Zeit langweilt. Arno nennt sein Tagebuch eine Logdatei, denn Arno ist ein \u2013 SPOILER \u2013 Roboter, der sich seine Gedanken zu den Menschen in seiner Umgebung, seinem Verh\u00e4ltnis zu ihnen und der Welt im Allgemeinen macht und am Ende nicht weniger als Freiheit, Gerechtigkeit und Solidarit\u00e4t sucht.<\/p>\n\n\n\n<p><\/p>\n\n\n<p><a href=\"http:\/\/www.groobert.de\/wordpress\/wp-content\/uploads\/2014\/12\/hh.jpg\" rel=\"lightbox[85]\"><img loading=\"lazy\" decoding=\"async\" class=\"alignleft size-full wp-image-393\" src=\"http:\/\/www.groobert.de\/wordpress\/wp-content\/uploads\/2014\/12\/hh.jpg\" alt=\"hh\" width=\"300\" height=\"426\" srcset=\"https:\/\/www.groobert.de\/wordpress\/wp-content\/uploads\/2014\/12\/hh.jpg 300w, https:\/\/www.groobert.de\/wordpress\/wp-content\/uploads\/2014\/12\/hh-211x300.jpg 211w\" sizes=\"auto, (max-width: 300px) 100vw, 300px\" \/><\/a>Mai &#8211; 2016<br \/>\n<strong>Herrn Heidenreichs fabul\u00f6ser Heimat- und Sachkundeunterricht<\/strong><br \/>\nAutoren: Robert M\u00fchlich u. Bastian Baier<br \/>\nZeichnungen: Bastian Baier<br \/>\nFarben: Robert M\u00fchlich<br \/>\n24 Seiten, farbig, 14,8x21cm<br \/>\nSoftcover<br \/>\nEUR 5,00 [D]<br \/>\nISBN 978-3-00-053128-6<a href=\"http:\/\/www.groobert.de\/wordpress\/wp-content\/uploads\/2014\/12\/2017.gif\" rel=\"lightbox[85]\"><br \/>\n<\/a><a href=\"http:\/\/www.mycomics.de\/comic\/10005-herrn-heidenreichs-fabuloeser-heimat-und-sachkundeunterricht.html\" target=\"_blank\" rel=\"noopener\">Leseprobe<\/a><a href=\"http:\/\/www.groobert.de\/wordpress\/wp-content\/uploads\/2014\/12\/2017.gif\" rel=\"lightbox[85]\"><img loading=\"lazy\" decoding=\"async\" class=\"alignleft wp-image-460 size-full\" style=\"border: 0px solid #000000;\" src=\"http:\/\/www.groobert.de\/wordpress\/wp-content\/uploads\/2014\/12\/2017.gif\" alt=\"\" width=\"158\" height=\"72\" \/><\/a><\/p>\n<p>&nbsp;<\/p>\n<p>&nbsp;<\/p>\n<p>&nbsp;<\/p>\n<p>&nbsp;<\/p>\n<p>Ein Kurzcomic, bei dem der Titel einem Klappentext gleichkommt und damit jeder Handlungsbeschreibung an dieser Stelle ihrer Existenzberechtigung beraubt.<\/p>\n<p>&nbsp;<\/p>\n<p><a href=\"http:\/\/www.groobert.de\/wordpress\/wp-content\/uploads\/2014\/12\/mro.jpg\" rel=\"lightbox[85]\"><img loading=\"lazy\" decoding=\"async\" class=\"alignleft size-full wp-image-89\" src=\"http:\/\/www.groobert.de\/wordpress\/wp-content\/uploads\/2014\/12\/mro.jpg\" alt=\"mro\" width=\"300\" height=\"426\" srcset=\"https:\/\/www.groobert.de\/wordpress\/wp-content\/uploads\/2014\/12\/mro.jpg 300w, https:\/\/www.groobert.de\/wordpress\/wp-content\/uploads\/2014\/12\/mro-211x300.jpg 211w\" sizes=\"auto, (max-width: 300px) 100vw, 300px\" \/><\/a>Juni &#8211; 2014<br \/>\n<strong>Mister Origami<\/strong><br \/>\nAutoren: Robert M\u00fchlich u. Bastian Baier<br \/>\nZeichnungen: Bastian Baier<br \/>\nFarben: Robert M\u00fchlich<br \/>\n108 Seiten, farbig, 14,8x21cm<br \/>\nSoftcover mit Klappenbroschur<br \/>\nEUR 14,00 [D]<br \/>\nISBN 978-3-943547-14-6<br \/>\nZwerchfell Verlag<br \/>\n<a href=\"http:\/\/www.misterorigami.de\/\" target=\"_blank\" rel=\"noopener\">www.misterorigami.de<\/a><br \/>\n<a href=\"http:\/\/www.mycomics.de\/comic\/7616-mister-origami.html\" target=\"_blank\" rel=\"noopener\">Leseprobe<br \/>\n<\/a><a href=\"https:\/\/www.kwimbi.de\/Kwimbi-Shop\/Comics\/Mister-Origami-ICOM-2015-lobende-Erwaehnung.html?listtype=search&amp;searchparam=origami\" target=\"_blank\" rel=\"noopener\">bestellen<\/a><a href=\"http:\/\/www.groobert.de\/wordpress\/wp-content\/uploads\/2014\/12\/2015.gif\" rel=\"lightbox[85]\"><img loading=\"lazy\" decoding=\"async\" class=\"alignleft wp-image-462 size-full\" style=\"border: 0px solid #000000;\" src=\"http:\/\/www.groobert.de\/wordpress\/wp-content\/uploads\/2014\/12\/2015.gif\" alt=\"\" width=\"158\" height=\"72\" \/><\/a><\/p>\n<p>&nbsp;<\/p>\n<p>&nbsp;<\/p>\n<p>&nbsp;<\/p>\n<p><span class=\"txtlb\">Der kleine Philipp Krautstengel m\u00f6chte unbedingt Karate lernen. Gut, dass er die Adresse von Shinji Origami kennt. Dieser soll fr\u00fcher ein bekannter Kampfsportmeister gewesen sein. Als Mr. Origami einwilligt, Philipp zu trainieren, er\u00f6ffnet sich f\u00fcr den betagten Mann die Chance, sein bewegtes Leben Revue passieren zu lassen. Wird Origamis Kampfsportschule in neuem Glanz erstrahlen, wird Philipp ein echter Ninja werden und erobert er damit das Herz seiner angebeteten Susi?<\/span><\/p>\n<p>&nbsp;<\/p>\n<p><span class=\"uueberschriftlb\"><a href=\"http:\/\/www.groobert.de\/wordpress\/wp-content\/uploads\/2014\/12\/gnom.jpg\" rel=\"lightbox[85]\"><img loading=\"lazy\" decoding=\"async\" class=\"alignleft wp-image-88 size-full\" src=\"http:\/\/www.groobert.de\/wordpress\/wp-content\/uploads\/2014\/12\/gnom.jpg\" alt=\"gnom\" width=\"300\" height=\"459\" srcset=\"https:\/\/www.groobert.de\/wordpress\/wp-content\/uploads\/2014\/12\/gnom.jpg 300w, https:\/\/www.groobert.de\/wordpress\/wp-content\/uploads\/2014\/12\/gnom-196x300.jpg 196w\" sizes=\"auto, (max-width: 300px) 100vw, 300px\" \/><\/a>Mai &#8211; 2008<\/span><br \/>\n<strong><span class=\"ueberschriftlb\">Der Schicksalsgnom &#8211; Die Trilogie<\/span><\/strong><br \/>\n<span class=\"txtlb\">Autoren: Robert M\u00fchlich u. Bastian Baier<br \/>\nZeichnungen: Bastian Baier<br \/>\nFarben: Robert M\u00fchlich<br \/>\n164 Seiten, farbig, 17x26cm<br \/>\nHardcover<br \/>\nEUR 20,00 [D]<br \/>\nISBN 3-928387-84-7<br \/>\n<span class=\"txtlblink\">Zwerchfell Verlag<\/span><br \/>\n<a href=\"http:\/\/www.schicksalsgnom.de\/\" target=\"_blank\" rel=\"noopener noreferrer\"><span class=\"txtlblink\">www.schicksalsgnom.de<\/span><\/a><\/span><br \/>\n<span class=\"ueberschriftlb\"><a href=\"http:\/\/www.mycomics.de\/comic\/10126-der-schicksalsgnom.html\" target=\"_blank\" rel=\"noopener\">Leseprobe<br \/>\n<\/a><a href=\"https:\/\/www.amazon.de\/Schicksalsgnom-Die-Trilogie-einem-Band\/dp\/3928387847\/ref=sr_1_1?ie=UTF8&amp;qid=1504875476&amp;sr=8-1&amp;keywords=schicksalsgnom.de\" target=\"_blank\" rel=\"noopener\">bestellen<\/a><\/span><\/p>\n<p><a href=\"http:\/\/www.groobert.de\/wordpress\/wp-content\/uploads\/2014\/12\/2009.gif\" rel=\"lightbox[85]\"><img loading=\"lazy\" decoding=\"async\" class=\"alignleft wp-image-461 size-full\" style=\"border: 0px solid #000000;\" src=\"http:\/\/www.groobert.de\/wordpress\/wp-content\/uploads\/2014\/12\/2009.gif\" alt=\"\" width=\"158\" height=\"72\" \/><\/a><\/p>\n<p>&nbsp;<\/p>\n<p>&nbsp;<\/p>\n<p>&nbsp;<\/p>\n<p><span class=\"txtlb\">DAS ENDE DER WELT IST NAH. M\u00d6GLICHERWEISE IST ES FRITTELTAG SCHON SO WEIT. UM DIE APOKALYPSE ZU VERHINDERN, BRAUCHT DER PLANET AEKOS EINEN MANN, DER SICH DEN KR\u00c4FTEN DES B\u00d6SEN STELLT. EINEN HELDEN, EINEN ABENTEURER, EINEN KRIEGER, VON GROSSER SCHWERMUT UND RIESIGER FR\u00d6HLICHKEIT, DER DIE HEERSCHAREN DES D\u00c4MONENF\u00dcRSTEN UNTER SEINEN F\u00dcSSEN ZERTRITT. ABER DAS SCHICKSAL HAT NUN MAL ERIC DEN GNOM AUSERKOREN.<\/span><\/p>\n<p>Eric dachte, dass er an furchtbaren Bl\u00e4hungen leidet, bis ihm eine altehrw\u00fcrdige Fee offenbart, dass er die letzte Essenz einer G\u00f6ttin in sich tr\u00e4gt und nun die Welt retten muss. Denn Melkriet, der Gott der D\u00fcsternis, droht diese am Tag der Apokalypse in Schutt und Asche zu legen, falls Eric nicht rechtzeitig auf dem Gipfel des Zahn Aekos, dem h\u00f6chsten Punkt des Riesengebirges, geopfert wird. Doch Eric ist gezwungen genau diesen Ort aufzusuchen, um Melkriet die Stirn zu bieten. Auf seiner Reise zum epischen Finale schart er eine illustre Gruppe um sich. Gr\u00e9goire, der sangesfreudige Barde, Annalisell, die m\u00e4chtige Fee, Shu, der zwiellichtige Krieger sowie K\u00f6nig Rainer der Zweite, der letzte m\u00e4nnliche Nachkomme eines alten Sirenenvolkes. Gemeinsam \u00fcberstehen sie zahlreiche haarstr\u00e4ubende Abenteuer auf dem Weg zur Erf\u00fcllung des Schicksals.<\/p>\n<p>\u00bbHast du eigentlich schon eine Idee, welchen Titel deine Erz\u00e4hlung \u00fcber unsere Heldentaten tragen soll?\u00ab Eric, Gnom vom Waldrand \u00bbIch tendiere zu&#8230; Strudel der Leidenschaft!\u00ab Gr\u00e9goire Juliette Le Chauvineau, Barde<\/p>\n<p>&nbsp;<\/p>\n<p><strong><span class=\"ueberschrift\">Weitere Ver\u00f6ffentlichungen:<\/span><\/strong><\/p>\n<div id=\"morepublic\">\n<div id=\"morepublic\"><span class=\"uueberschriftlb\">Juli 2023: <\/span><span class=\"ueberschriftlb\">JAZAM! Coming of Age <\/span><br \/>\n<span class=\"txt\">von mir stammt die vierseitige Kurzgeschichte &#8222;Sp\u00e4tentwickler&#8220; <\/span><\/div>\n<div><span class=\"txtlink\"><a href=\"http:\/\/www.jazam.de\/\" target=\"_blank\" rel=\"noopener noreferrer\">www.jazam.de<\/a><\/span><\/div>\n<div>\n<div id=\"morepublic\"><span class=\"uueberschriftlb\">Mai 2013:\u00a0<\/span><span class=\"ueberschriftlb\">JAZAM! Vol.8 &#8211; Tiere <\/span><br \/>\n<span class=\"txt\">von mir stammt die dreiseitige Kurzgeschichte &#8222;Fernweh&#8220;<\/span><\/div>\n<div><span class=\"txtlink\"><a href=\"http:\/\/www.jazam.de\/\" target=\"_blank\" rel=\"noopener noreferrer\">www.jazam.de<\/a><\/span><\/div>\n<\/div>\n<\/div>\n<div><\/div>\n<div><span class=\"uueberschriftlb\">Jun 2012: <\/span><span class=\"ueberschriftlb\">JAZAM! Vol.7 &#8211; VIER ELEMENTE <\/span><br \/>\n<span class=\"txt\">von mir stammt die zweiseitige Kurzgeschichte &#8222;Atmosphere&#8220; <\/span><\/div>\n<div><span class=\"txtlink\"><a href=\"http:\/\/www.jazam.de\/\" target=\"_blank\" rel=\"noopener noreferrer\">www.jazam.de<\/a><\/span><\/div>\n<div><\/div>\n<div><span class=\"uueberschriftlb\">Jun 2012: <\/span><span class=\"ueberschriftlb\">Comicgate-Magazin Nr. 7 <\/span><br \/>\n<span class=\"txt\">von mir stammt die Kurzgeschichte &#8222;Auf Kurs&#8220; <\/span><\/div>\n<div><span class=\"txtlink\"><a href=\"http:\/\/www.comicgate.de\/index.php?option=com_jshopping&amp;controller=product&amp;task=view&amp;category_id=1&amp;product_id=10&amp;Itemid=100018\" target=\"_blank\" rel=\"noopener noreferrer\">www.comicgate.de<\/a><\/span><\/div>\n<div><\/div>\n<div><span class=\"uueberschriftlb\">Jun 2011: <\/span><span class=\"ueberschriftlb\">JAZAM! Vol.6 &#8211; TRAFFIC JAM <\/span><br \/>\n<span class=\"txt\">von mir stammt die zweiseitige Kurzgeschichte &#8222;Gesch\u00e4ftsreise&#8220; <\/span><\/div>\n<div><span class=\"txtlink\"><a href=\"http:\/\/www.jazam.de\/\" target=\"_blank\" rel=\"noopener noreferrer\">www.jazam.de<\/a><\/span><\/div>\n<div><\/div>\n<div><span class=\"uueberschriftlb\">Jun 2010: <\/span><span class=\"ueberschriftlb\">Panik Elektro #7 &#8211; Seelenstrips &#8211; Autobiografische Comicblogs <\/span><br \/>\n<span class=\"txtlb\">von mir stammt die vierseitige Kurzgeschichte &#8222;Geduld&#8220; <\/span><\/div>\n<div><span class=\"txtlink\"><a href=\"http:\/\/www.schwarzerturm.de\/html\/panik_7.html\" target=\"_blank\" rel=\"noopener noreferrer\">www.schwarzerturm.de<\/a><\/span><\/div>\n<div><\/div>\n<div><span class=\"uueberschriftlb\">Jun 2010: <\/span><span class=\"ueberschriftlb\">JAZAM! Vol.5 &#8211; Nachtleben <\/span><br \/>\n<span class=\"txt\">von mir stammt die vierseitige Kurzgeschichte &#8222;Haarstr\u00e4ubende N\u00e4chte&#8220; <\/span><\/div>\n<div><span class=\"txtlink\"><a href=\"http:\/\/www.jazam.de\" target=\"_blank\" rel=\"noopener noreferrer\">www.jazam.de<\/a><\/span><\/div>\n<div><\/div>\n<div><span class=\"uueberschriftlb\">Mai 2010: <\/span><span class=\"ueberschriftlb\">INKplosion Special #38 <\/span><br \/>\n<span class=\"txt\">von mir stammt das Cover und die Kurzgeschichte &#8222;Aufzeichnungen des 298sten Schreibers&#8220; <\/span><span class=\"txtlink\"><a href=\"http:\/\/inkplosion.de\/specials\/special_38\/cover.html\" target=\"_blank\" rel=\"noopener noreferrer\">www.inkplosion.de<\/a><\/span><\/div>\n<div><\/div>\n<div><span class=\"uueberschriftlb\">Jun 2009: <\/span><span class=\"ueberschriftlb\">JAZAM! Vol.4 &#8211; Monster <\/span><br \/>\n<span class=\"txt\">von mir stammt die achtseitige Kurzgeschichte &#8222;Groobert\u00b4s Monsterkind&#8220; <\/span><\/div>\n<div><span class=\"txtlink\"><a href=\"http:\/\/www.jazam.de\" target=\"_blank\" rel=\"noopener noreferrer\">www.jazam.de<\/a><\/span><\/div>\n<div><\/div>\n<div><span class=\"uueberschriftlb\">Aug 2008: <\/span><span class=\"ueberschriftlb\">INKplosion Special #34 <\/span><br \/>\n<span class=\"txt\">von mir stammt die Kurzgeschichte &#8222;Unverzeihlich&#8220; <\/span><\/div>\n<div><span class=\"txtlink\"><a href=\"http:\/\/www.inkplosion.de\/specials\/special_34\/cover.html\" target=\"_blank\" rel=\"noopener noreferrer\">www.inkplosion.de<\/a><\/span><\/div>\n<div><\/div>\n<div><span class=\"uueberschriftlb\">Mai 2008: <\/span><span class=\"ueberschriftlb\">JAZAM! Vol.3 &#8211; Zeit <\/span><br \/>\n<span class=\"txt\">von mir stammt die siebenseitige Kurzgeschichte &#8222;VERS\u00c4UMT&#8220; <\/span><\/div>\n<div><span class=\"txtlink\"><a href=\"http:\/\/www.jazam.de\" target=\"_blank\" rel=\"noopener noreferrer\">www.jazam.de<\/a><\/span><\/div>\n<div><\/div>\n<div><span class=\"uueberschriftlb\">Dez 2007: <\/span><span class=\"ueberschriftlb\">INKplosion Special #31 <\/span><br \/>\n<span class=\"txt\">von mir stammt die Kurzgeschichte &#8222;c64-2&#8220; <\/span><\/div>\n<div><span class=\"txtlink\"><a href=\"http:\/\/www.inkplosion.de\/specials\/special_31\/cover.html\" target=\"_blank\" rel=\"noopener noreferrer\">www.inkplosion.de<\/a><\/span><\/div>\n<div><\/div>\n<div><span class=\"uueberschriftlb\">Jun 2007: <\/span><span class=\"ueberschriftlb\">JAZAM! Vol.2 &#8211; G\u00f6tter <\/span><br \/>\n<span class=\"txt\">von mir stammt die vierseitige Kurzgeschichte &#8222;Zeitvertreib&#8220; <\/span><\/div>\n<div><span class=\"txtlink\"><a href=\"http:\/\/www.jazam.de\" target=\"_blank\" rel=\"noopener noreferrer\">www.jazam.de<\/a><\/span><\/div>\n<div><\/div>\n<div><span class=\"uueberschriftlb\">Apr 2007 &#8211; Aug 2008: <\/span><span class=\"ueberschriftlb\">MAD Nr. 104, 107, 109, 118, 125, 128<\/span><br \/>\n<span class=\"txtlb\">von mir stammen die Beitr\u00e4ge: &#8222;Freitagabend auf der Stra\u00dfe&#8220;, &#8222;Neulich bei Homers Vetter 4. Grades&#8220;, &#8222;MC Candy-Ass&#8220;, &#8222;Wie s\u00e4he es wohl aus, wenn Bruce Wayne pleite w\u00e4re?&#8220;, &#8222;K\u00fcrzlich im vierten Stock&#8220;, &#8222;Just im Ministerium f\u00fcr Extremfrisuren&#8220;<\/span><\/div>\n<div><span class=\"txtlb\"><a href=\"http:\/\/www.paninicomics.de\/?s=gruppen&amp;gs_gruppe=10012\" target=\"_blank\" rel=\"noopener noreferrer\"><span class=\"txtlink\">www.paninicomics.de<\/span><\/a><br \/>\n<\/span><\/div>\n<div><\/div>\n<div><span class=\"uueberschriftlb\">Dez 2006: <\/span><span class=\"ueberschriftlb\">INKplosion #32 <\/span><br \/>\n<span class=\"txt\">von mir stammt der Onepager &#8222;The machine of God&#8220; <\/span><\/div>\n<div><span class=\"txtlink\"><a href=\"http:\/\/www.inkplosion.de\/magazin\/heft32\/cover32.html\" target=\"_blank\" rel=\"noopener noreferrer\">www.inkplosion.de<\/a><\/span><\/div>\n<div><\/div>\n<div><span class=\"uueberschriftlb\">Okt 2006: <\/span><span class=\"ueberschriftlb\">JAZAM! Vol.1 &#8211; M\u00e4rchen <\/span><br \/>\n<span class=\"txt\">von mir stammt die zweiseitige Kurzgeschichte &#8222;Herr Pubmann&#8220; <\/span><\/div>\n<div><span class=\"txtlink\"><a href=\"http:\/\/www.jazam.de\" target=\"_blank\" rel=\"noopener noreferrer\">www.jazam.de<\/a><\/span><\/div>\n<div><\/div>\n<div>Mrz &#8211; 2005: Der Schicksalsgnom ~1~ Melkriets Prophezeiung<br \/>\nAutoren: Robert M\u00fchlich u. Bastian Baier<br \/>\nZeichnungen: Bastian Baier<br \/>\nFarben: Robert M\u00fchlich<br \/>\n48 Seiten, farbig, DIN A4, Softcover<\/div>","protected":false},"excerpt":{"rendered":"<p>Oktober &#8211; 2025ArnoAutor: Robert M\u00fchlich304 Seiten, s\/w, 13,5&#215;21,5cmHardcoverEUR 20,00 [D]ISBN 978-3-00-084548-2 Arno arbeitet als Assistent und Haushaltshilfe f\u00fcr einen reichen Schn\u00f6sel namens Roman. Irgendwann entschlie\u00dft er sich, seinen Alltag in einem Tagebuch festzuhalten. So schreibt er \u00fcber das Ordnunghalten, Putzen, &hellip; <a href=\"https:\/\/www.groobert.de\/wordpress\/?page_id=85\">Weiterlesen <span class=\"meta-nav\">&rarr;<\/span><\/a><\/p>\n","protected":false},"author":2,"featured_media":0,"parent":0,"menu_order":1,"comment_status":"closed","ping_status":"closed","template":"","meta":{"footnotes":""},"class_list":["post-85","page","type-page","status-publish","hentry"],"_links":{"self":[{"href":"https:\/\/www.groobert.de\/wordpress\/index.php?rest_route=\/wp\/v2\/pages\/85","targetHints":{"allow":["GET"]}}],"collection":[{"href":"https:\/\/www.groobert.de\/wordpress\/index.php?rest_route=\/wp\/v2\/pages"}],"about":[{"href":"https:\/\/www.groobert.de\/wordpress\/index.php?rest_route=\/wp\/v2\/types\/page"}],"author":[{"embeddable":true,"href":"https:\/\/www.groobert.de\/wordpress\/index.php?rest_route=\/wp\/v2\/users\/2"}],"replies":[{"embeddable":true,"href":"https:\/\/www.groobert.de\/wordpress\/index.php?rest_route=%2Fwp%2Fv2%2Fcomments&post=85"}],"version-history":[{"count":36,"href":"https:\/\/www.groobert.de\/wordpress\/index.php?rest_route=\/wp\/v2\/pages\/85\/revisions"}],"predecessor-version":[{"id":672,"href":"https:\/\/www.groobert.de\/wordpress\/index.php?rest_route=\/wp\/v2\/pages\/85\/revisions\/672"}],"wp:attachment":[{"href":"https:\/\/www.groobert.de\/wordpress\/index.php?rest_route=%2Fwp%2Fv2%2Fmedia&parent=85"}],"curies":[{"name":"wp","href":"https:\/\/api.w.org\/{rel}","templated":true}]}}